{"id":167,"date":"2017-03-27T08:47:54","date_gmt":"2017-03-27T08:47:54","guid":{"rendered":"http:\/\/windturbinepowerfunction.com\/vi\/?page_id=167"},"modified":"2022-03-20T09:59:55","modified_gmt":"2022-03-20T09:59:55","slug":"gioi-thieu-2","status":"publish","type":"page","link":"https:\/\/windtbt.com\/vi\/gioi-thieu-2\/","title":{"rendered":"Gi\u1edbi thi\u1ec7u"},"content":{"rendered":"<p>I. L\u1edcI M\u1ede \u0110\u1ea6U<\/p>\n<p>Tr\u00e1i \u0111\u1ea5t c\u1ee7a ch\u00fang ta \u0111ang b\u1ecb \u0111e do\u1ea1 b\u1edfi kh\u00ed th\u1ea3i CO 2 , N\u00f3 g\u00e2y n\u00ean bi\u1ebfn \u0111\u1ed5i kh\u00ed h\u1eadu. Nh\u01b0ng c\u00f3 m\u1ed9t ngu\u1ed3n n\u0103ng l\u01b0\u1ee3ng t\u00e1i t\u1ea1o r\u1ea5t l\u1edbn l\u00e0 n\u0103ng l\u01b0\u1ee3ng gi\u00f3 m\u00e0 ch\u00fang ta \u0111ang t\u1ed1n r\u1ea5t nhi\u1ec1u ti\u1ec1n \u0111\u1ec3 ph\u00e1t tri\u1ec3n m\u00e0 k\u1ebft qu\u1ea3 thu \u0111\u01b0\u1ee3c l\u00e0 r\u1ea5t nh\u1ecf. Nguy\u00ean nh\u00e2n l\u00e0 ch\u00fang ta \u0111i theo m\u1ed9t ph\u00e1t minh sai t\u1eeb tr\u01b0\u1edbc t\u1edbi nay.<\/p>\n<p>M\u1ed9t hi\u1ec7n t\u01b0\u1ee3ng t\u1ef1 nhi\u00ean m\u00e0 ch\u1eafc ch\u1eafn ch\u00fang ta \u0111\u1ec1u t\u01b0\u1edfng t\u01b0\u1ee3ng \u0111\u01b0\u1ee3c l\u00e0 khi m\u1ed9t d\u00f2ng gi\u00f3 \u0111\u00e3 \u0111\u01b0\u1ee3c nhu\u1ed9m m\u1ea7u bay song song th\u1eb3ng v\u00e0o ph\u00eda tr\u01b0\u1edbc m\u1ed9t chi\u1ebfc chong ch\u00f3ng th\u00ec ph\u00eda sau chong ch\u00f3ng gi\u00f3 chuy\u1ec3n \u0111\u1ed9ng h\u1ed7n lo\u1ea1n, gi\u00f3 kh\u00f4ng c\u00f2n bay song song nh\u01b0 ph\u00eda tr\u01b0\u1edbc chong ch\u00f3ng. (\u0110i\u1ec1u n\u00e0y d\u1ec5 d\u00e0ng th\u1ef1c nghi\u1ec7m v\u1edbi m\u1ed9t d\u00f2ng kh\u00f3i). Ho\u1ea1t \u0111\u1ed9ng c\u1ee7a chong ch\u00f3ng c\u0169ng gi\u1ed1ng nh\u01b0 ho\u1ea1t \u0111\u1ed9ng c\u1ee7a tuabin gi\u00f3 do \u0111\u00f3 gi\u00f3 ph\u00eda sau tuabin kh\u00f4ng th\u1ec3 chuy\u1ec3n \u0111\u1ed9ng th\u1eb3ng theo h\u01b0\u1edbng nh\u01b0 c\u1ee7a gi\u00f3 ph\u00eda tr\u01b0\u1edbc tuabin. Ch\u1ec9 c\u00f3 Ng\u00e0i Albert Betz v\u00e0 c\u00e1c nh\u00e0 khoa h\u1ecdc khi x\u00e2y d\u1ef1ng c\u00f4ng th\u1ee9c t\u00ednh c\u00f4ng su\u1ea5t cho tuabin gi\u00f3 cho r\u1eb1ng gi\u00f3 ph\u00eda sau tuabin chuy\u1ec3n \u0111\u1ed9ng th\u1eb3ng nh\u01b0 gi\u00f3 ph\u00eda tr\u01b0\u1edbc tuabin. V\u1edbi m\u1ed9t quan ni\u1ec7m sai l\u1ea7m tr\u00e1i v\u1edbi quy lu\u1eadt t\u1ef1 nhi\u00ean nh\u01b0 v\u1eady n\u00ean c\u00f4ng th\u1ee9c t\u00ednh c\u00f4ng su\u1ea5t cho tuabin gi\u00f3 m\u00e0 c\u00e1c nh\u00e0 khoa h\u1ecdc \u0111\u01b0a ra l\u00e0 ho\u00e0n to\u00e0n sai.<\/p>\n<p>\u0110\u00e2y l\u00e0 m\u1ed9t \u0111i\u1ec1u ch\u01b0a t\u1eebng x\u1ea3y ra tr\u00ean th\u1ebf gi\u1edbi. V\u1edbi c\u00f4ng th\u1ee9c t\u00ednh c\u00f4ng su\u1ea5t sai d\u1eabn \u0111\u1ebfn hi\u1ec7n nay tuabin gi\u00f3 tr\u00ean to\u00e0n th\u1ebf gi\u1edbi ch\u1ebf t\u1ea1o kh\u00f4ng h\u1ee3p quy lu\u1eadt t\u1ef1 nhi\u00ean v\u00e0 c\u00f3 c\u00f4ng su\u1ea5t th\u1ef1c nh\u1ecf h\u01a1n c\u00f4ng su\u1ea5t t\u00ednh to\u00e1n kho\u1ea3ng 10 l\u1ea7n. \u0110i\u1ec1u n\u00e0y l\u00e0m cho vi\u1ec7c \u0111\u1ea7u t\u01b0 v\u00e0o \u0111i\u1ec7n gi\u00f3 kh\u00f4ng hi\u1ec7u qu\u1ea3 g\u00e2y t\u1ed5n th\u1ea5t r\u1ea5t l\u1edbn cho t\u1ea5t c\u1ea3 c\u00e1c n\u01b0\u1edbc l\u1eafp \u0111\u1eb7t tuabin gi\u00f3. Ti\u1ec1n \u0111\u1ea7u t\u01b0 cho \u0111i\u1ec7n gi\u00f3 ch\u1ee7 y\u1ebfu t\u1eeb ch\u00ednh ph\u1ee7 n\u00ean thi\u1ec7t h\u1ea1i do to\u00e0n d\u00e2n g\u00e1nh ch\u1ecbu.<\/p>\n<p>Trong trang Web n\u00e0y t\u00e1c gi\u1ea3 gi\u1edbi thi\u1ec7u b\u00e0i nghi\u00ean c\u1ee9u v\u1ec1 sai l\u1ea7m \u0111\u00e3 x\u1ea3y ra c\u1ee7a c\u00e1c nh\u00e0 khoa h\u1ecdc khi x\u00e2y d\u1ef1ng c\u00f4ng th\u1ee9c t\u00ednh c\u00f4ng su\u1ea5t c\u1ee7a tuabin gi\u00f3 \u0111\u1ec3 qu\u00fd v\u1ecb tham kh\u1ea3o v\u00e0 \u0111\u00f3ng g\u00f3p \u00fd ki\u1ebfn. \u0110i\u1ec1u quan tr\u1ecdng nh\u1ea5t l\u00e0 m\u1ecdi ng\u01b0\u1eddi c\u1ea7n c\u00f9ng nhau tham gia v\u00e0o vi\u1ec7c ch\u1ec9 ra c\u00e1i sai c\u1ee7a c\u00f4ng th\u1ee9c t\u00ednh c\u00f4ng su\u1ea5t cho tuabin gi\u00f3 m\u00e0 th\u1ebf g\u1edbi \u0111ang s\u1eed d\u1ee5ng \u0111\u1ec3 k\u00eau g\u1ecdi c\u00e1c ch\u00ednh ph\u1ee7 d\u1eebng s\u1ea3n xu\u1ea5t v\u00e0 l\u1eafp \u0111\u1eb7t tuabin gi\u00f3 nh\u01b0 hi\u1ec7n nay nh\u1eb1m tr\u00e1nh g\u00e2y thi\u1ec7t h\u1ea1i cho qu\u1ed1c gia v\u00e0 c\u0169ng l\u00e0 cho ch\u00ednh m\u00ecnh. Vi\u1ec7c ch\u1ec9 ra c\u00e1c sai l\u1ea7m c\u1ee7a c\u00f4ng th\u1ee9c t\u00ednh c\u00f4ng su\u1ea5t cho tuabin gi\u00f3 kh\u00f4ng l\u00e0m t\u1ed5n h\u1ea1i t\u1edbi uy t\u00edn c\u1ee7a c\u00e1c nh\u00e0 khoa h\u1ecdc, m\u00e0 t\u00e1c d\u1ee5ng c\u1ee7a n\u00f3 l\u00e0m cho khoa h\u1ecdc ph\u00e1t tri\u1ec3n \u0111\u00fang h\u01b0\u1edbng \u0111\u1ec3 ph\u1ee5c v\u1ee5 cu\u1ed9c s\u1ed1ng c\u1ee7a con ng\u01b0\u1eddi.<\/p>\n<p>Trong trang Web n\u00e0y t\u00e1c gi\u1ea3 c\u0169ng gi\u1edbi thi\u1ec7u c\u00e1c nghi\u00ean c\u1ee9u m\u1edbi v\u1ec1 c\u00f4ng su\u1ea5t c\u1ee7a tuabin gi\u00f3 v\u00e0 c\u00e1c s\u00e1ng ch\u1ebf m\u1edbi v\u1ec1 tuabin gi\u00f3 \u0111\u1ec3 qu\u00fd v\u1ecb tham kh\u1ea3o v\u00e0 \u0111\u00f3ng g\u00f3p x\u00e2y d\u1ef1ng nh\u1eb1m ho\u00e0n thi\u1ec7n \u0111\u1ec3 ph\u1ee5c v\u1ee5 cho vi\u1ec7c s\u1ea3n xu\u1ea5t \u0111i\u1ec7n t\u1eeb gi\u00f3 c\u00f3 gi\u00e1 th\u00e0nh r\u1ebb, mang l\u1ea1i l\u1ee3i \u00edch th\u1ef1c s\u1ef1 t\u1eeb ngu\u1ed3n n\u0103ng l\u01b0\u1ee3ng t\u00e1i t\u1ea1o, t\u1eeb \u0111\u00f3 \u0111\u00f3ng g\u00f3p t\u00edch c\u1ef1c v\u00e0o vi\u1ec7c ch\u1ed1ng bi\u1ebfn \u0111\u1ed5i kh\u00ed h\u1eadu to\u00e0n c\u1ea7u v\u00e0 l\u00e0m cho tr\u00e1i \u0111\u1ea5t ng\u00e0y c\u00e0ng xanh h\u01a1n.<\/p>\n<p>&nbsp;<\/p>\n<p>L\u1ea1i B\u00e1 \u1ea4t.<\/p>\n<p>II. TRANH VUI V\u1ec0 C\u00c1C PH\u1ea6N T\u1eec GI\u00d3 \u0110I QUA TUABIN<\/p>\n<p>Tranh vui v\u1ec1 6 ph\u1ea7n t\u1eed gi\u00f3 chuy\u1ec3n \u0111\u1ed9ng qua tuabin. Minh ho\u1ea1 chuy\u1ec3n \u0111\u1ed9ng th\u1ef1c t\u1ebf c\u1ee7a c\u00e1c ph\u1ea7n t\u1eed gi\u00f3 ph\u00eda tr\u01b0\u1edbc v\u00e0 s\u1ef1 h\u1ed7n lo\u1ea1n c\u1ee7a c\u00e1c ph\u1ea7n t\u1eed gi\u00f3 ph\u00eda sau tuabin.<\/p>\n<p><img loading=\"lazy\" decoding=\"async\" class=\"size-full wp-image-226 aligncenter\" src=\"http:\/\/wtlai.com\/vi\/wp-content\/uploads\/2017\/03\/1.png\" alt=\"1\" width=\"579\" height=\"203\" \/><\/p>\n<p>H\u00ecnh 1: T\u1ea5t c\u1ea3 c\u00e1c ph\u1ea7n t\u1eed gi\u00f3 \u0111\u1ec1u n\u00f3i ch\u00fang ta \u0111ang bay th\u1eb3ng theo h\u01b0\u1edbng c\u1ee7a tr\u01b0\u1eddng gi\u00f3 v\u00e0 qu\u1ef9 \u0111\u1ea1o bay song song nhau v\u1edbi v\u1eadn t\u1ed1c b\u1eb1ng nhau, 1 &amp;amp; 2 n\u00f3i ph\u00eda tr\u01b0\u1edbc ch\u00fang t\u00f4i nh\u00ecn th\u1ea5y m\u1ed9t tuabin gi\u00f3.<\/p>\n<p style=\"text-align: center;\"><img loading=\"lazy\" decoding=\"async\" class=\"alignnone size-full wp-image-227\" src=\"http:\/\/wtlai.com\/vi\/wp-content\/uploads\/2017\/03\/2.jpg\" alt=\"2\" width=\"586\" height=\"206\" \/><\/p>\n<p>H\u00ecnh 2: Ch\u00fang ta \u0111i g\u1ea7n t\u1edbi tuabin gi\u00f3 r\u1ed3i, 1 &amp;amp; 2 n\u00f3i ch\u00fang t\u00f4i c\u1ea3m th\u1ea5y v\u1eadn t\u1ed1c c\u1ee7a m\u00ecnh b\u1ecb gi\u1ea3m \u0111i ch\u00fat \u00edt v\u00e0 qu\u1ef9 \u0111\u1ea1o bay c\u00f3 thay \u0111\u1ed5i nh\u1ecf.<\/p>\n<p style=\"text-align: center;\"><img loading=\"lazy\" decoding=\"async\" class=\"alignnone size-full wp-image-228\" src=\"http:\/\/wtlai.com\/vi\/wp-content\/uploads\/2017\/03\/3.jpg\" alt=\"3\" width=\"586\" height=\"207\" \/><\/p>\n<p>H\u00ecnh 3: Ch\u1ec9 sau \u0111\u00f3 3,4,5,6 c\u0169ng n\u00f3i v\u1eadn t\u1ed1c c\u1ee7a t\u00f4i c\u0169ng b\u1eaft \u0111\u1ea7u gi\u1ea3m \u0111i m\u1ed9t \u00edt r\u1ed3i v\u00e0 qu\u1ef9 \u0111\u1ea1o bay c\u0169ng c\u00f3 thay \u0111\u1ed5i nh\u1ecf.<\/p>\n<p style=\"text-align: center;\"><img loading=\"lazy\" decoding=\"async\" class=\"alignnone size-full wp-image-229\" src=\"http:\/\/wtlai.com\/vi\/wp-content\/uploads\/2017\/03\/4.jpg\" alt=\"4\" width=\"586\" height=\"207\" \/><\/p>\n<p>H\u00ecnh 4: V\u00e0o g\u1ea7n s\u00e1t tuabin gi\u00f3 c\u1ea3 6 ph\u1ea7n t\u1eed gi\u00f3 \u0111\u1ec1u n\u00f3i v\u1eadn t\u1ed1c c\u1ee7a ch\u00fang t\u00f4i l\u1ea1i gi\u1ea3m th\u00eam \u00edt n\u1eefa v\u00e0 qu\u1ef9 \u0111\u1ea1o bay v\u1eabn c\u00f3 th\u00eam s\u1ef1 thay \u0111\u1ed5i nh\u1ecf.<\/p>\n<p style=\"text-align: center;\"><img loading=\"lazy\" decoding=\"async\" class=\"alignnone size-full wp-image-230\" src=\"http:\/\/wtlai.com\/vi\/wp-content\/uploads\/2017\/03\/5.jpg\" alt=\"5\" width=\"586\" height=\"207\" \/><\/p>\n<p>H\u00ecnh 5: Ph\u1ea7n t\u1eed 1 n\u00f3i t\u00f4i va ch\u1ea1m v\u00e0o c\u00e1nh tuabin gi\u00f3 v\u00e0 m\u1ea5t h\u1ebft n\u0103ng l\u01b0\u1ee3ng r\u1ed3i kh\u00f4ng bay \u0111\u01b0\u1ee3c n\u1eefa nh\u01b0ng t\u00f4i g\u00f3p ph\u1ea7n l\u00e0m tuabin quay, 2&amp;amp;4 n\u00f3i c\u1eadu y\u00ean t\u00e2m \u0111i ch\u00fang t\u1edb t\u1ea1o l\u1ef1c h\u00fat ph\u00eda sau c\u00e1nh \u0111\u1ec3 l\u00e0m quay tuabin cho c\u1eadu tho\u00e1t ra kh\u1ecfi m\u1eb7t c\u00e1nh v\u00e0 h\u00fat c\u1eadu \u0111i, 3&amp;amp;5 n\u00f3i ch\u00fang t\u1edb chuy\u1ec3n \u0111\u1ed9ng ngay sau c\u1eadu v\u00e0 s\u1ebd \u0111\u1ea9y c\u1eadu \u0111i c\u00f9ng v\u1edbi ch\u00fang t\u1edb.<\/p>\n<p style=\"text-align: center;\"><img loading=\"lazy\" decoding=\"async\" class=\"alignnone size-full wp-image-231\" src=\"http:\/\/wtlai.com\/vi\/wp-content\/uploads\/2017\/03\/6.jpg\" alt=\"6\" width=\"586\" height=\"207\" \/><\/p>\n<p>H\u00ecnh 6: Ph\u1ea7n t\u1eed 1 n\u00f3i t\u1edb tho\u00e1t ra kh\u1ecfi m\u1eb7t c\u00e1nh r\u1ed3i v\u00e0 b\u1eaft \u0111\u1ea7u c\u00f3 n\u0103ng l\u01b0\u1ee3ng \u0111\u1ec3 bay c\u00f9ng c\u00e1c c\u1eadu nh\u01b0ng sao h\u01b0\u1edbng chuy\u1ec3n \u0111\u1ed9ng c\u1ee7a ch\u00fang ta thay \u0111\u1ed5i nhi\u1ec1u th\u1ebf.<\/p>\n<p style=\"text-align: center;\"><img loading=\"lazy\" decoding=\"async\" class=\"alignnone size-full wp-image-232\" src=\"http:\/\/wtlai.com\/vi\/wp-content\/uploads\/2017\/03\/7.jpg\" alt=\"7\" width=\"586\" height=\"207\" \/><\/p>\n<p>H\u00ecnh 7: M\u1ed9t ph\u1ea7n t\u1eed gi\u00f3 n\u00f3i: t\u1ea5t c\u1ea3 ch\u00fang ta \u0111\u1ec1u \u1edf ph\u00eda sau c\u00e1nh tuabin gi\u00f3 nh\u01b0ng h\u01b0\u1edbng chuy\u1ec3n \u0111\u1ed9ng thay \u0111\u1ed5i h\u1ed7n lo\u1ea1n, th\u1eadm ch\u00ed ch\u00fang ta c\u00f2n nh\u00ecn th\u1ea5y c\u1eadu s\u1ed1 5 bay ng\u01b0\u1ee3c v\u1edbi h\u01b0\u1edbng c\u1ee7a tr\u01b0\u1eddng gi\u00f3. Nh\u01b0ng kh\u00f4ng sao \u0111\u00e2u ra xa kh\u1ecfi tuabin gi\u00f3 ch\u00fang ta l\u1ea1i bay v\u1edbi v\u1eadn t\u1ed1c gi\u1ed1ng nhau.<\/p>\n<p style=\"text-align: center;\"><img loading=\"lazy\" decoding=\"async\" class=\"alignnone size-full wp-image-233\" src=\"http:\/\/wtlai.com\/vi\/wp-content\/uploads\/2017\/03\/8.jpg\" alt=\"8\" width=\"586\" height=\"207\" \/><\/p>\n<p>H\u00ecnh 8: Ch\u00fang ta \u0111\u00e3 bay xa kh\u1ecfi tuabin gi\u00f3 v\u1edbi h\u01b0\u1edbng chuy\u1ec3n \u0111\u1ed9ng tr\u00f9ng v\u1edbi h\u01b0\u1edbng c\u1ee7a tr\u01b0\u1eddng gi\u00f3, nh\u01b0ng v\u1eadn t\u1ed1c c\u1ee7a ch\u00fang ta b\u1ecb gi\u1ea3m \u0111i m\u1ed9t \u00edt, n\u0103ng l\u01b0\u1ee3ng m\u1ea5t \u0111i c\u1ee7a ch\u00fang ta nhi\u1ec1u h\u01a1n r\u1ea5t nhi\u1ec1u n\u0103ng l\u01b0\u1ee3ng \u0111i\u1ec7n ph\u00e1t ra c\u1ee7a tuabin gi\u00f3, m\u1ed9t \u0111i\u1ec1u r\u1ea5t th\u00fa v\u1ecb n\u1eefa l\u00e0 v\u1ecb tr\u00ed ban \u0111\u1ea7u c\u1ee7a ch\u00fang ta kh\u00f4ng c\u00f2n nh\u01b0 c\u0169 m\u00e0 c\u00f3 s\u1ef1 s\u1eafp x\u1ebfp m\u1edbi. Ch\u00fang t\u00f4i r\u1ea5t vui v\u00ec \u0111\u00e3 t\u1ea1o ra n\u0103ng l\u01b0\u1ee3ng t\u00e1i t\u1ea1o gi\u00e1 th\u00e0nh r\u1ebb \u0111\u1ec3 ch\u1ed1ng bi\u1ebfn \u0111\u1ed5i kh\u00ed h\u1eadu v\u00e0 l\u00e0m cho tr\u00e1i \u0111\u1ea5t ng\u00e0y c\u00e0ng xanh.<\/p>\n<p>&nbsp;<\/p>\n<p>&nbsp;<\/p>\n<p><strong>K\u00ednh g\u1eedi:<\/strong> \u00a0CH\u00cdNH PH\u1ee6 C\u00c1C N\u01af\u1edaC TR\u00caN TO\u00c0N TH\u1ebe GI\u1edaI.<\/p>\n<p>\u0110\u1ed2NG K\u00cdNH G\u1eecI:<\/p>\n<p>B\u1ed9 khoa h\u1ecdc &amp; c\u00f4ng ngh\u1ec7.<\/p>\n<p>Vi\u1ec7n h\u00e0n l\u00e2m khoa h\u1ecdc &amp; c\u00f4ng ngh\u1ec7, c\u00f9ng c\u00e1c vi\u1ec7n nghi\u00ean c\u1ee9u khoa h\u1ecdc.<\/p>\n<p>C\u00e1c c\u00f4ng ty ch\u1ebf t\u1ea1o v\u00e0 x\u00e2y d\u1ef1ng trang tr\u1ea1i tuabin gi\u00f3.<\/p>\n<p><strong>\u00a0\u00a0\u00a0\u00a0\u00a0\u00a0\u00a0\u00a0\u00a0\u00a0\u00a0\u00a0\u00a0\u00a0\u00a0\u00a0\u00a0 <\/strong>C\u00f9ng c\u00e1c b\u1ea1n <strong>tr\u00ean to\u00e0n th\u1ebf gi\u1edbi.<\/strong><\/p>\n<p><strong>T\u00f4i l\u00e0: Lai Ba At<\/strong><\/p>\n<p>No. 32\/24 Phan v\u0103n tr\u01b0\u1eddng, Qu\u1eadn CauGiay, Ha Noi, VIET NAM<\/p>\n<p>\u0110T: 0983796708; Fax: 0084 43 756 7532; Email: <a href=\"mailto:laibaat03@gmail.com\">laibaat03@gmail.com<\/a><\/p>\n<p><strong>K\u00ednh th\u01b0a c\u00e1c qu\u00fd v\u1ecb:<\/strong><\/p>\n<p>R\u1ea4T \u0110\u00c1NG TI\u1ebeC L\u00c0 C\u00f4ng th\u1ee9c t\u00ednh c\u00f4ng su\u1ea5t cho tuabin gi\u00f3 c\u00e1nh qu\u1ea1t \u0111\u01b0\u1ee3c thi\u1ebft l\u1eadp b\u1edfi t\u1ea5t c\u1ea3 c\u00e1c nghi\u00ean c\u1ee9u c\u1ee7a c\u00e1c nh\u00e0 khoa h\u1ecdc tr\u00ean th\u1ebf gi\u1edbi \u0111ang \u0111\u01b0\u1ee3c \u00e1p d\u1ee5ng v\u00e0o vi\u1ec7c ch\u1ebf t\u1ea1o tuabin gi\u00f3 c\u00e1nh qu\u1ea1t t\u1eeb tr\u01b0\u1edbc t\u1edbi nay (01\/2017) \u0111\u1ec1u b\u1ecb sai. C\u1ed8I NGU\u1ed2N D\u1eaaN T\u1edaI C\u00c1C SAI L\u00c2M l\u00e0 do c\u00e1c nh\u00e0 khoa h\u1ecdc c\u00f9ng c\u00f3 quan ni\u1ec7m sai khi cho r\u1eb1ng v\u1eadn t\u1ed1c gi\u00f3 t\u1ea1i tuabin l\u00e0 <em>v<\/em> v\u00e0 sau tuabin l\u00e0 <em>v<sub>2<\/sub><\/em> c\u00f3 ph\u01b0\u01a1ng chi\u1ec1u tr\u00f9ng v\u1edbi ph\u01b0\u01a1ng chi\u1ec1u c\u1ee7a v\u1eadn t\u1ed1c <em>v<sub>1<\/sub><\/em> c\u1ee7a tr\u01b0\u1eddng gi\u00f3 \u0111\u1eb7t tuabin. Th\u1ef1c t\u1ebf hi\u1ec3n nhi\u00ean m\u00e0 ta th\u1ea5y \u0111\u01b0\u1ee3c khi quan s\u00e1t m\u1ed9t chi\u1ebfc chong ch\u00f3ng \u0111\u1eb7t trong m\u1ed9t d\u00f2ng kh\u00ed \u0111\u00e3 nhu\u1ed9m m\u1ea7u, gi\u00f3 \u0111i v\u00e0o chong ch\u00f3ng s\u1ebd chuy\u1ec3n \u0111\u1ed9ng h\u1ed7n lo\u1ea1n, gi\u00f3 ph\u00eda sau chong ch\u00f3ng c\u0169ng chuy\u1ec3n \u0111\u1ed9ng h\u1ed7n lo\u1ea1n. Nh\u01b0 v\u1eady v\u1eadn t\u1ed1c gi\u00f3 t\u1ea1i tuabin v\u00e0 sau tuabin gi\u00f3 l\u00e0 kh\u00f4ng th\u1ec3 c\u00f3 gi\u00e1 tr\u1ecb x\u00e1c \u0111\u1ecbnh nh\u01b0 c\u00e1c nh\u00e0 khoa h\u1ecdc \u0111\u00e3 \u0111\u1eb7t ra. Vi\u1ec7c c\u00e1c nh\u00e0 khoa h\u1ecdc g\u00e1n cho n\u00f3 m\u1ed9t gi\u00e1 tr\u1ecb \u0111\u1ec3 \u00e1p d\u1ee5ng v\u00e0o c\u00e1c ph\u01b0\u01a1ng tr\u00ecnh V\u1eadt l\u00fd kh\u00e1c nh\u1eb1m t\u1ea1o ra m\u1ed9t \u0111\u1ea1i l\u01b0\u1ee3ng v\u1eadt l\u00fd n\u00e0o \u0111\u00f3 l\u00e0 mang t\u00ednh ngu\u1ef5 bi\u1ec7n, vi\u1ec7c n\u00e0y c\u1ea7n \u0111\u01b0\u1ee3c l\u00e0m s\u00e1ng t\u1ecf \u0111\u1ec3 khoa h\u1ecdc nghi\u00ean c\u1ee9u t\u1ea1o n\u1ec1n t\u1ea3ng m\u1edbi cho ngh\u00e0nh s\u1ea3n xu\u1ea5t \u0111i\u1ec7n t\u1eeb gi\u00f3 ph\u00e1t tri\u1ec3n.<\/p>\n<p>T\u00f4i g\u1eedi t\u1edbi qu\u00fd v\u1ecb b\u00e0i ch\u1ee9ng minh sai l\u1ea7m c\u1ee7a c\u00e1c nghi\u00ean c\u1ee9u v\u1ec1 c\u00f4ng su\u1ea5t c\u1ee7a tuabin gi\u00f3 t\u1eeb tr\u01b0\u1edbc t\u1edbi nay v\u00e0 g\u1eedi t\u1edbi qu\u00fd v\u1ecb b\u1ea3n ph\u00e1t minh m\u1edbi v\u1ec1 c\u00f4ng su\u1ea5t cho tuabin gi\u00f3 c\u00e1nh qu\u1ea1t \u0111\u1ec3 qu\u00fd v\u1ecb ph\u00e1n x\u00e9t v\u00e0 g\u00f3p ph\u1ea7n ph\u00e1t tri\u1ec3n c\u00e1c nghi\u00ean c\u1ee9u m\u1edbi v\u1ec1 gi\u00f3, c\u00f2n r\u1ea5t nhi\u1ec1u v\u1ea5n \u0111\u1ec1 c\u1ea7n ph\u00e1t tri\u1ec3n m\u00e0 c\u00e1 nh\u00e2n t\u00f4i kh\u00f4ng th\u1ec3 l\u00e0m n\u1ed5i.<\/p>\n<p>T\u00f4i g\u1eedi cho qu\u00fd v\u1ecb m\u1ed9t b\u1ea3ng g\u00f3c nghi\u00eang cho c\u00e1nh tuabin gi\u00f3 c\u00f3 t\u1ed1c \u0111\u1ed9 bi\u1ebfn \u0111\u1ed5i \u0111\u1ec3 qu\u00fd v\u1ecb ch\u1ebf t\u1ea1o v\u00e0 th\u1eed nghi\u1ec7m ngay cho c\u00e1c tuabin gi\u00f3 hi\u1ec7n t\u1ea1i(trong s\u00e1ng ch\u1ebf PCT\/VN2015\/000007) Qu\u00fd v\u1ecb s\u1ebd th\u1ea5y c\u00f4ng su\u1ea5t c\u1ee7a tuabin gi\u00f3 t\u0103ng l\u00ean v\u00e0 th\u1ea5y \u0111\u01b0\u1ee3c t\u00ednh \u0111\u00fang \u0111\u1eafn c\u1ee7a ph\u00e1t minh m\u1edbi. Khi \u0111\u00f3 qu\u00fd v\u1ecb h\u00e3y li\u00ean h\u1ec7 v\u1edbi t\u00f4i \u0111\u1ec3 ti\u1ebfp c\u1eadn s\u00e1ng ch\u1ebf PCT\/VN2016\/000002 cho vi\u1ec7c ph\u00e1t tri\u1ec3n tuabin gi\u00f3 c\u00f3 t\u1ed1c \u0111\u1ed9 c\u1ed1 \u0111\u1ecbnh, lo\u1ea1i tuabin n\u00e0y c\u00f3 kh\u1ea3 n\u0103ng s\u1ea3n xu\u1ea5t \u0111i\u1ec7n t\u1eeb gi\u00f3 c\u00f3 gi\u00e1 th\u00e0nh r\u1ebb h\u01a1n r\u1ea5t nhi\u1ec1u (r\u1ebb h\u01a1n kho\u1ea3ng 10 l\u1ea7n) so v\u1edbi hi\u1ec7n nay.<\/p>\n<p>T\u00f4i hy v\u1ecdng c\u00f3 s\u1ef1 h\u1ee3p t\u00e1c c\u1ee7a qu\u00fd v\u1ecb \u0111\u1ec3 l\u00e0m cho n\u0103ng l\u01b0\u1ee3ng gi\u00f3 ph\u00e1t tri\u1ec3n nh\u1eb1m gi\u1ea3m thi\u1ec3u chi ph\u00ed n\u0103ng l\u01b0\u1ee3ng v\u00e0 ch\u1ed1ng bi\u1ebfn \u0111\u1ed5i kh\u00ed h\u1eadu.<\/p>\n<p>Nh\u1eadn \u0111\u01b0\u1ee3c th\u01b0 n\u00e0y mong qu\u00fd v\u1ecb h\u00e3y th\u00f4ng tin t\u1edbi nh\u1eefng \u0111\u01a1n v\u1ecb m\u00e0 qu\u00fd v\u1ecb bi\u1ebft \u0111\u1ec3 c\u00f9ng ph\u00e1t tri\u1ec3n nh\u1eb1m l\u00e0m cho th\u1ebf gi\u1edbi t\u1ed1t \u0111\u1eb9p h\u01a1n.<\/p>\n<p>T\u00f4i xin ch\u00e2n th\u00e0nh c\u1ea3m \u01a1n qu\u00fd v\u1ecb.<\/p>\n<p>&nbsp;<\/p>\n<h1 class=\"entry-title single-title\">B\u1ea2NG PH\u00c2N B\u1ed0 G\u00d3C NGHI\u00caNG M\u1eb6T C\u00c1NH<\/h1>\n<p class=\"post-meta\"><span class=\"post_date date updated\"><i class=\"fa fa-clock-o\"><\/i> 14 Th\u00e1ng T\u01b0, 2017<\/span><\/p>\n<p>\u00c1p d\u1ee5ng cho tuabin gi\u00f3 3 c\u00e1nh c\u00f3 t\u1ed1c \u0111\u1ed9 bi\u1ebfn \u0111\u1ed5i hi\u1ec7n nay, c\u00f3 t\u1ed1c \u0111\u1ed9 quay t\u1eeb 18- 20 v\u00f2ng \/ ph\u00fat t\u1ea1i v\u1eadn t\u1ed1c gi\u00f3 \u0111\u1ecbnh m\u1ee9c nh\u01b0 hi\u1ec7n nay, t\u1ea5t c\u1ea3 c\u00e1c th\u00f4ng s\u1ed1 ch\u1ebf t\u1ea1o v\u00e0 \u0111i\u1ec1u khi\u1ec3n c\u00e1nh tuabin nh\u01b0 hi\u1ec7n nay. Ch\u1ec9 kh\u00e1c l\u00e0 c\u00e1nh tuabin \u0111\u01b0\u1ee3c ch\u1ebf t\u1ea1o sao cho m\u1eb7t c\u00e1nh tuabin t\u1ea1i m\u1ed9t ph\u00e2n \u0111o\u1ea1n c\u00e1nh r\u1ea5t ng\u1eafn ta c\u00f3 th\u1ec3 coi l\u00e0 ph\u1eb3ng, m\u1eb7t sau c\u1ee7a c\u00e1nh n\u00ean ch\u1ebf t\u1ea1o song song v\u1edbi m\u1eb7t tr\u01b0\u1edbc, b\u1ec1 r\u1ed9ng c\u00e1nh n\u00ean ch\u1ebf t\u1ea1o kh\u00f4ng \u0111\u1ed5i d\u1ecdc theo chi\u1ec1u d\u00e0i c\u00e1nh, c\u00e1nh d\u00e0i d\u01b0\u1edbi 45 m\u00e9t, (d: kho\u1ea3ng c\u00e1ch t\u1eeb m\u1eb7t c\u00e1nh t\u1edbi tr\u1ee5c tuabin, \u03b1 i : g\u00f3c nghi\u00eang m\u1eb7t c\u00e1nh t\u1ea1i v\u1ecb tr\u00ed t\u01b0\u01a1ng \u1ee9ng).<\/p>\n<p>N\u1ebfu ch\u1ebf t\u1ea1o di\u1ec7n t\u00edch m\u1eb7t c\u00e1nh b\u1eb1ng v\u1edbi di\u1ec7n t\u00edch m\u1eb7t c\u00e1nh c\u1ee7a tuabin nh\u01b0 hi\u1ec7n nay th\u00ec s\u1ea3n l\u01b0\u1ee3ng \u0111i\u1ec7n s\u1ebd t\u0103ng kho\u1ea3ng 30%.<\/p>\n<p>T\u1ea1i: d = 5m, g\u00f3c nghi\u00eang l\u00e0: \u03b1 5 = 63 0 10\u2019;<\/p>\n<p>d = 7m, \u03b1 7 = 66 0 18\u2019 ;<\/p>\n<p>d = 9m, \u03b1 9 = 69 0 14\u2019 ;<\/p>\n<p>d = 11m, \u03b1 11 = 71 0 25\u2019;<\/p>\n<p>d = 13m, \u03b1 14 = 73 0 15\u2019 ;<\/p>\n<p>d = 15m, \u03b1 15 = 74 0 47\u2019<\/p>\n<p>d = 17m, \u03b1 17 = 76 0 05\u2019;<\/p>\n<p>d = 19m, \u03b1 19 = 77 0 11\u2019 ;<\/p>\n<p>d = 21m, \u03b1 21 = 78 0 09\u2019;<\/p>\n<p>d = 23m, \u03b1 23 = 78 0 58\u2019;<\/p>\n<p>d = 25m, \u03b1 25 = 79 0 21\u2019 ;<\/p>\n<p>d = 27m, \u03b1 27 = 80 0 18\u2019<\/p>\n<p>d = 29m, \u03b1 29 = 80 0 52\u2019;<\/p>\n<p>d = 31m, \u03b1 31 = 81 0 21\u2019 ;<\/p>\n<p>d = 33m, \u03b1 33 = 81 0 47\u2019;<\/p>\n<p>d = 35m, \u03b1 35 = 82 0 11\u2019;<\/p>\n<p>d = 37m, \u03b1 37 = 82 0 32\u2019 ;<\/p>\n<p>d = 39m, \u03b1 39 = 82 0 51\u2019<\/p>\n<p>d = 41m, \u03b1 41 = 83 0 09\u2019;<\/p>\n<p>d = 43m, \u03b1 43 = 83 0 25\u2019 ;<\/p>\n","protected":false},"excerpt":{"rendered":"<p>I. L\u1edcI M\u1ede \u0110\u1ea6U Tr\u00e1i \u0111\u1ea5t c\u1ee7a ch\u00fang ta \u0111ang b\u1ecb \u0111e do\u1ea1 b\u1edfi kh\u00ed th\u1ea3i CO 2 , N\u00f3 g\u00e2y n\u00ean bi\u1ebfn \u0111\u1ed5i kh\u00ed h\u1eadu. Nh\u01b0ng c\u00f3 m\u1ed9t ngu\u1ed3n n\u0103ng l\u01b0\u1ee3ng t\u00e1i t\u1ea1o r\u1ea5t l\u1edbn l\u00e0 n\u0103ng l\u01b0\u1ee3ng gi\u00f3 m\u00e0 ch\u00fang ta \u0111ang t\u1ed1n r\u1ea5t nhi\u1ec1u ti\u1ec1n \u0111\u1ec3 ph\u00e1t tri\u1ec3n m\u00e0 k\u1ebft qu\u1ea3 thu [&hellip;]<\/p>\n","protected":false},"author":4,"featured_media":0,"parent":0,"menu_order":0,"comment_status":"closed","ping_status":"closed","template":"","meta":{"footnotes":""},"class_list":{"0":"post-167","1":"page","2":"type-page","3":"status-publish","5":"entry"},"_links":{"self":[{"href":"https:\/\/windtbt.com\/vi\/wp-json\/wp\/v2\/pages\/167","targetHints":{"allow":["GET"]}}],"collection":[{"href":"https:\/\/windtbt.com\/vi\/wp-json\/wp\/v2\/pages"}],"about":[{"href":"https:\/\/windtbt.com\/vi\/wp-json\/wp\/v2\/types\/page"}],"author":[{"embeddable":true,"href":"https:\/\/windtbt.com\/vi\/wp-json\/wp\/v2\/users\/4"}],"replies":[{"embeddable":true,"href":"https:\/\/windtbt.com\/vi\/wp-json\/wp\/v2\/comments?post=167"}],"version-history":[{"count":2,"href":"https:\/\/windtbt.com\/vi\/wp-json\/wp\/v2\/pages\/167\/revisions"}],"predecessor-version":[{"id":483,"href":"https:\/\/windtbt.com\/vi\/wp-json\/wp\/v2\/pages\/167\/revisions\/483"}],"wp:attachment":[{"href":"https:\/\/windtbt.com\/vi\/wp-json\/wp\/v2\/media?parent=167"}],"curies":[{"name":"wp","href":"https:\/\/api.w.org\/{rel}","templated":true}]}}